{"id":2042,"date":"2017-12-20T08:40:53","date_gmt":"2017-12-20T08:40:53","guid":{"rendered":"http:\/\/demo2.drfuri.com\/martfury12\/?page_id=2042"},"modified":"2017-12-20T08:40:53","modified_gmt":"2017-12-20T08:40:53","slug":"order-tracking","status":"publish","type":"page","link":"https:\/\/nolering.com\/?page_id=2042","title":{"rendered":"Order Tracking"},"content":{"rendered":"\t\t<div data-elementor-type=\"wp-post\" data-elementor-id=\"2042\" class=\"elementor elementor-2042\">\n\t\t\t\t\t\t<section class=\"elementor-section elementor-top-section elementor-element elementor-element-50227d31 elementor-section-boxed elementor-section-height-default elementor-section-height-default\" data-id=\"50227d31\" data-element_type=\"section\" data-e-type=\"section\">\n\t\t\t\t\t\t<div class=\"elementor-container elementor-column-gap-default\">\n\t\t\t\t\t<div class=\"elementor-column elementor-col-33 elementor-top-column elementor-element elementor-element-385bcf5c\" data-id=\"385bcf5c\" data-element_type=\"column\" data-e-type=\"column\">\n\t\t\t<div class=\"elementor-widget-wrap\">\n\t\t\t\t\t\t\t<\/div>\n\t\t<\/div>\n\t\t\t\t<div class=\"elementor-column elementor-col-33 elementor-top-column elementor-element elementor-element-69432e7b\" data-id=\"69432e7b\" data-element_type=\"column\" data-e-type=\"column\">\n\t\t\t<div class=\"elementor-widget-wrap elementor-element-populated\">\n\t\t\t\t\t\t<div class=\"elementor-element elementor-element-21c5a903 elementor-widget elementor-widget-shortcode\" data-id=\"21c5a903\" data-element_type=\"widget\" data-e-type=\"widget\" data-widget_type=\"shortcode.default\">\n\t\t\t\t\t\t\t<div class=\"elementor-shortcode\"><div class=\"woocommerce\">\n<form action=\"https:\/\/nolering.com\/?page_id=2042\" method=\"post\" class=\"woocommerce-form woocommerce-form-track-order track_order\">\n\n\t\n\t<p>Para fazer o acompanhamento da sua encomenda, por favor indique o n\u00famero de identifica\u00e7\u00e3o na caixa abaixo e pressione o bot\u00e3o &quot;Acompanhar&quot;. Este n\u00famero ter-lhe-\u00e1 sido indicado no recibo e na mensagem de confirma\u00e7\u00e3o que recebeu.<\/p>\n\n\t<p class=\"form-row form-row-first\"><label for=\"orderid\">N.\u00ba da encomenda<\/label> <input class=\"input-text\" type=\"text\" name=\"orderid\" id=\"orderid\" value=\"\" placeholder=\"Encontre no seu email de confirma\u00e7\u00e3o da encomenda.\" \/><\/p>\t<p class=\"form-row form-row-last\"><label for=\"order_email\">Email de factura\u00e7\u00e3o<\/label> <input class=\"input-text\" type=\"text\" name=\"order_email\" id=\"order_email\" value=\"\" placeholder=\"Email utilizado durante a finaliza\u00e7\u00e3o de compras.\" \/><\/p>\t<div class=\"clear\"><\/div>\n\n\t\n\t<p class=\"form-row\"><button type=\"submit\" class=\"button\" name=\"track\" value=\"Acompanhar\">Acompanhar<\/button><\/p>\n\t<input type=\"hidden\" id=\"woocommerce-order-tracking-nonce\" name=\"woocommerce-order-tracking-nonce\" value=\"26284586ec\" \/><input type=\"hidden\" name=\"_wp_http_referer\" value=\"\/index.php?rest_route=%2Fwp%2Fv2%2Fpages%2F2042\" \/>\n\t\n<\/form>\n<\/div><\/div>\n\t\t\t\t\t\t<\/div>\n\t\t\t\t\t<\/div>\n\t\t<\/div>\n\t\t\t\t<div class=\"elementor-column elementor-col-33 elementor-top-column elementor-element elementor-element-5741843e\" data-id=\"5741843e\" data-element_type=\"column\" data-e-type=\"column\">\n\t\t\t<div class=\"elementor-widget-wrap\">\n\t\t\t\t\t\t\t<\/div>\n\t\t<\/div>\n\t\t\t\t\t<\/div>\n\t\t<\/section>\n\t\t\t\t<\/div>\n\t\t","protected":false},"excerpt":{"rendered":"","protected":false},"author":1,"featured_media":0,"parent":0,"menu_order":0,"comment_status":"closed","ping_status":"closed","template":"","meta":{"footnotes":""},"class_list":["post-2042","page","type-page","status-publish","hentry"],"jetpack_sharing_enabled":true,"_links":{"self":[{"href":"https:\/\/nolering.com\/index.php?rest_route=\/wp\/v2\/pages\/2042","targetHints":{"allow":["GET"]}}],"collection":[{"href":"https:\/\/nolering.com\/index.php?rest_route=\/wp\/v2\/pages"}],"about":[{"href":"https:\/\/nolering.com\/index.php?rest_route=\/wp\/v2\/types\/page"}],"author":[{"embeddable":true,"href":"https:\/\/nolering.com\/index.php?rest_route=\/wp\/v2\/users\/1"}],"replies":[{"embeddable":true,"href":"https:\/\/nolering.com\/index.php?rest_route=%2Fwp%2Fv2%2Fcomments&post=2042"}],"version-history":[{"count":0,"href":"https:\/\/nolering.com\/index.php?rest_route=\/wp\/v2\/pages\/2042\/revisions"}],"wp:attachment":[{"href":"https:\/\/nolering.com\/index.php?rest_route=%2Fwp%2Fv2%2Fmedia&parent=2042"}],"curies":[{"name":"wp","href":"https:\/\/api.w.org\/{rel}","templated":true}]}}